{"id":294,"date":"2021-10-01T22:08:37","date_gmt":"2021-10-01T22:08:37","guid":{"rendered":"https:\/\/ftfinos.vipreal.site\/?page_id=294"},"modified":"2021-10-06T11:23:44","modified_gmt":"2021-10-06T11:23:44","slug":"home","status":"publish","type":"page","link":"https:\/\/staging.ambertequila.com\/es\/","title":{"rendered":"Home"},"content":{"rendered":"<p>[vc_section full_width=&#8221;stretch_row&#8221; full_height=&#8221;yes&#8221; content_placement=&#8221;middle&#8221; css=&#8221;.vc_custom_1633445076688{margin-bottom: 100px !important;}&#8221;][vc_row full_width=&#8221;stretch_row&#8221;][vc_column width=&#8221;1\/2&#8243;][vc_column_text]<\/p>\n<h1 class=\"h1\" style=\"text-align: left;\">Los mejores Tequilas que existen.<\/h1>\n<p>[\/vc_column_text][\/vc_column][vc_column width=&#8221;1\/2&#8243;][\/vc_column][\/vc_row][vc_row full_width=&#8221;stretch_row&#8221; content_placement=&#8221;middle&#8221; el_class=&#8221;unit-top__white&#8221;][vc_column width=&#8221;3\/4&#8243; css=&#8221;.vc_custom_1633075790357{background-color: #ffffff !important;}&#8221;][vc_row_inner content_placement=&#8221;middle&#8221;][vc_column_inner width=&#8221;1\/3&#8243;][vc_column_text]<\/p>\n<p style=\"text-align: left;\"><a class=\"unit-top__white-link\" href=\"\/es\/acerca-de-la-fabrica\/\">Sobre la f\u00e1brica<\/a><\/p>\n<p>[\/vc_column_text][\/vc_column_inner][vc_column_inner width=&#8221;1\/3&#8243;][vc_column_text]<\/p>\n<p style=\"text-align: left;\"><a class=\"unit-top__white-link\" href=\"\/es\/marcas\/\">Marcas<\/a><\/p>\n<p>[\/vc_column_text][\/vc_column_inner][vc_column_inner width=&#8221;1\/3&#8243;][vc_column_text]<\/p>\n<p style=\"text-align: left;\"><a class=\"unit-top__white-link-article\" href=\"\/es\/news-es\/otro-gran-desempeno-por-parte-de-las-marcas-de-fabrica-de-tequilas-finos\/\">OTRO GRAN DESEMPE\u00d1O POR PARTE DE LAS MARCAS DE F\u00c1BRICA DE TEQUILAS FINOS<br \/>\n<strong>lea el art\u00edculo<\/strong><br \/>\n<\/a><\/p>\n<p>[\/vc_column_text][\/vc_column_inner][\/vc_row_inner][\/vc_column][\/vc_row][\/vc_section][vc_row][vc_column width=&#8221;1\/2&#8243;][vc_column_text]<\/p>\n<h2 class=\"h2\">Producci\u00f3n de Tequila en F\u00e1brica de Tequilas Finos<\/h2>\n<p>[\/vc_column_text][\/vc_column][vc_column width=&#8221;1\/2&#8243;][\/vc_column][\/vc_row][vc_row][vc_column width=&#8221;1\/2&#8243;][vc_column_text css=&#8221;.vc_custom_1633126038856{padding-bottom: 100px !important;}&#8221;]<\/p>\n<header class=\"item-type-index__article-title\">\n<header class=\"item-type-index__article-title\">\n<h4 class=\"h3\">Cosecha del agave<\/h4>\n<\/header>\n<p>El agave que utilizamos proviene de Los Altos de Jalisco y de la regi\u00f3n de Tequila. Una planta de Agave Azul necesita de 6 a 7 a\u00f1os para su maduraci\u00f3n y cosecha. F\u00e1brica de Tequilas Finos adquiere agave solamente de productores confiables para asegurar la calidad de su materia prima. Cada lote es inspeccionado detenidamente antes de la producci\u00f3n para obtener la cantidad de az\u00facares necesarios garantizando una producci\u00f3n de la m\u00e1s alta calidad.<\/p>\n<\/header>\n<p>[\/vc_column_text][vc_single_image image=&#8221;69&#8243; img_size=&#8221;full&#8221; alignment=&#8221;right&#8221; el_class=&#8221;view-mobile&#8221;][vc_column_text]<\/p>\n<header class=\"item-type-index__article-title\">\n<header class=\"item-type-index__article-title\">\n<h4 class=\"h3\">Cocimiento<\/h4>\n<\/header>\n<p>Las pi\u00f1as recibidas en la f\u00e1brica son cortadas manualmente en 2 o 4 partes para despu\u00e9s introducirlas en la autoclave donde se transformar\u00e1n los az\u00facares a trav\u00e9s del cocimiento. En este proceso no se utiliza difusor.<\/p>\n<\/header>\n<p>[\/vc_column_text][\/vc_column][vc_column width=&#8221;1\/2&#8243;][vc_single_image image=&#8221;69&#8243; img_size=&#8221;full&#8221; alignment=&#8221;right&#8221; el_class=&#8221;view-pc&#8221;][\/vc_column][\/vc_row][vc_row][vc_column][vc_single_image image=&#8221;113&#8243; img_size=&#8221;full&#8221;][\/vc_column][\/vc_row][vc_row][vc_column width=&#8221;1\/2&#8243;][vc_column_text css=&#8221;.vc_custom_1633126062766{padding-bottom: 100px !important;}&#8221;]<\/p>\n<header class=\"item-type-index__article-title\">\n<header class=\"item-type-index__article-title\">\n<h4 class=\"h3\">Molienda y fermentaci\u00f3n<\/h4>\n<\/header>\n<p>Despu\u00e9s de cocinarse durante 10 horas, las pi\u00f1as de agave pasan a un moderno molino de cilindros donde son despedazadas separando las fibras del agave y su jugo. La levadura especial es a\u00f1adida a los jugos, siguiendo el proceso utilizado desde los inicios de la f\u00e1brica, resguardando el secreto de nuestro maestro destilador. La fermentaci\u00f3n tiene una duraci\u00f3n de 72 hrs antes de su destilaci\u00f3n.<\/p>\n<\/header>\n<p>[\/vc_column_text][vc_column_text]<\/p>\n<header class=\"item-type-index__article-title\">\n<header class=\"item-type-index__article-title\">\n<h4 class=\"h3\">Destilaci\u00f3n<\/h4>\n<\/header>\n<p>La destilaci\u00f3n del tequila se lleva a cabo en alambiques de acero inoxidable que permite conservar los sabores naturales del mejor agave. Utilizando la doble destilaci\u00f3n, s\u00f3lo el \u2018coraz\u00f3n del destilado\u2019 es utilizado por nuestro maestro destilador para la creaci\u00f3n de nuestros tequilas 100% agave.<\/p>\n<\/header>\n<p>[\/vc_column_text][\/vc_column][vc_column width=&#8221;1\/2&#8243;][vc_single_image image=&#8221;114&#8243; img_size=&#8221;full&#8221; alignment=&#8221;right&#8221;][\/vc_column][\/vc_row][vc_row][vc_column][vc_single_image image=&#8221;115&#8243; img_size=&#8221;full&#8221;][\/vc_column][\/vc_row][vc_row content_placement=&#8221;middle&#8221;][vc_column width=&#8221;2\/3&#8243;][vc_column_text css=&#8221;.vc_custom_1633126093426{margin-right: 10px !important;}&#8221;]<\/p>\n<header class=\"item-type-index__article-title\">\n<header class=\"item-type-index__article-title\">\n<h4 class=\"h3\">A\u00f1ejamiento<\/h4>\n<\/header>\n<div class=\"item-type-index__cont --clear\">\n<div class=\"item-type-index__article\">\n<p>Nuestro tequila blanco es transparente con un brillante resplandor que confiere sabores suaves de agave cocido y toques frutales. El contenido de alcohol otorga una sensaci\u00f3n de frescura y redondez. Una parte de nuestro tequila blanco es colocado en barricas en las instalaciones de F\u00e1brica de Tequilas Finos para su a\u00f1ejamiento. Nuestro tequila Reposado es madurado en barricas de roble franc\u00e9s o barricas de roble americano. Nuestro tequila a\u00f1ejo madura en barricas de roble americano de 200 lts. previamente utilizados por destiler\u00edas de Bourbon.<\/p>\n<\/div>\n<\/div>\n<\/header>\n<p>[\/vc_column_text][\/vc_column][vc_column width=&#8221;1\/3&#8243;][vc_column_text el_class=&#8221;item-type-index__cover-link&#8221;]<a class=\"h1\" href=\"\/es\/brands\/\"><br \/>\nDescubra<br \/>\nnuestras<br \/>\nMarcas<br \/>\n<\/a>[\/vc_column_text][\/vc_column][\/vc_row]<\/p>\n","protected":false},"excerpt":{"rendered":"<p>[vc_section full_width=&#8221;stretch_row&#8221; full_height=&#8221;yes&#8221; content_placement=&#8221;middle&#8221; css=&#8221;.vc_custom_1633445076688{margin-bottom: 100px !important;}&#8221;][vc_row full_width=&#8221;stretch_row&#8221;][vc_column width=&#8221;1\/2&#8243;][vc_column_text] Los mejores Tequilas que existen. [\/vc_column_text][\/vc_column][vc_column width=&#8221;1\/2&#8243;][\/vc_column][\/vc_row][vc_row full_width=&#8221;stretch_row&#8221; content_placement=&#8221;middle&#8221; el_class=&#8221;unit-top__white&#8221;][vc_column width=&#8221;3\/4&#8243; css=&#8221;.vc_custom_1633075790357{background-color: #ffffff !important;}&#8221;][vc_row_inner content_placement=&#8221;middle&#8221;][vc_column_inner width=&#8221;1\/3&#8243;][vc_column_text] Sobre la f\u00e1brica [\/vc_column_text][\/vc_column_inner][vc_column_inner width=&#8221;1\/3&#8243;][vc_column_text] Marcas [\/vc_column_text][\/vc_column_inner][vc_column_inner width=&#8221;1\/3&#8243;][vc_column_text] OTRO GRAN DESEMPE\u00d1O POR PARTE DE LAS MARCAS DE F\u00c1BRICA DE TEQUILAS FINOS lea el art\u00edculo [\/vc_column_text][\/vc_column_inner][\/vc_row_inner][\/vc_column][\/vc_row][\/vc_section][vc_row][vc_column width=&#8221;1\/2&#8243;][vc_column_text] Producci\u00f3n de Tequila en [&hellip;]<\/p>\n","protected":false},"author":2,"featured_media":0,"parent":0,"menu_order":0,"comment_status":"closed","ping_status":"closed","template":"page-video-2.php","meta":{"_acf_changed":false,"inline_featured_image":false,"footnotes":""},"acf":[],"_links":{"self":[{"href":"https:\/\/staging.ambertequila.com\/es\/wp-json\/wp\/v2\/pages\/294"}],"collection":[{"href":"https:\/\/staging.ambertequila.com\/es\/wp-json\/wp\/v2\/pages"}],"about":[{"href":"https:\/\/staging.ambertequila.com\/es\/wp-json\/wp\/v2\/types\/page"}],"author":[{"embeddable":true,"href":"https:\/\/staging.ambertequila.com\/es\/wp-json\/wp\/v2\/users\/2"}],"replies":[{"embeddable":true,"href":"https:\/\/staging.ambertequila.com\/es\/wp-json\/wp\/v2\/comments?post=294"}],"version-history":[{"count":10,"href":"https:\/\/staging.ambertequila.com\/es\/wp-json\/wp\/v2\/pages\/294\/revisions"}],"predecessor-version":[{"id":765,"href":"https:\/\/staging.ambertequila.com\/es\/wp-json\/wp\/v2\/pages\/294\/revisions\/765"}],"wp:attachment":[{"href":"https:\/\/staging.ambertequila.com\/es\/wp-json\/wp\/v2\/media?parent=294"}],"curies":[{"name":"wp","href":"https:\/\/api.w.org\/{rel}","templated":true}]}}