{"id":444,"date":"2021-10-01T23:10:35","date_gmt":"2021-10-01T23:10:35","guid":{"rendered":"https:\/\/ftfinos.vipreal.site\/?page_id=444"},"modified":"2021-10-05T07:06:24","modified_gmt":"2021-10-05T07:06:24","slug":"don-camilo-tequila","status":"publish","type":"page","link":"https:\/\/staging.ambertequila.com\/es\/marcas\/don-camilo-tequila\/","title":{"rendered":"Don Camilo Tequila"},"content":{"rendered":"<p>[vc_row][vc_column el_class=&#8221;product-page-text&#8221;][vc_column_text]Tequila especial envejecido durante un m\u00e1ximo de 12 meses en barricas de roble usadas para obtener su sabor especial y un color natural para disfrutarlo.[\/vc_column_text][\/vc_column][\/vc_row][vc_row gap=&#8221;30&#8243; css=&#8221;.vc_custom_1633189795012{padding-bottom: 20px !important;}&#8221; el_class=&#8221;block-product&#8221;][vc_column width=&#8221;1\/2&#8243;][vc_row_inner][vc_column_inner width=&#8221;1\/3&#8243;][vc_single_image image=&#8221;94&#8243; img_size=&#8221;full&#8221;][\/vc_column_inner][vc_column_inner width=&#8221;2\/3&#8243;][vc_column_text]<\/p>\n<h3 class=\"h3 item-type-product__title\">Don Camilo 100% Tequila silver<\/h3>\n<div class=\"item-type-product__offset\">\n<p>Un tequila de car\u00e1cter extremadamente suave y una agradable permanencia. Don Camilo es uno de los tequilas emblem\u00e1ticos de F\u00e1brica de Tequilas Finos.<\/p>\n<\/div>\n<div class=\"item-type-product__offset\"><b>Notas de sabor<\/b><br \/>\nColor: Puro, transparente<br \/>\nAroma: Agave fresco y notas c\u00edtricas<br \/>\nGusto: Mineral con notas de frutas ex\u00f3ticas maduras<br \/>\nTerminar: Medio, agradable pero firme<\/div>\n<div class=\"item-type-product__offset\"><b>SKU:<\/b>\u00a00,75L<br \/>\n<b>ABV:<\/b>\u00a040%<\/div>\n<p>[\/vc_column_text][\/vc_column_inner][\/vc_row_inner][\/vc_column][vc_column width=&#8221;1\/2&#8243;][vc_row_inner][vc_column_inner width=&#8221;1\/3&#8243;][vc_single_image image=&#8221;93&#8243; img_size=&#8221;full&#8221;][\/vc_column_inner][vc_column_inner width=&#8221;2\/3&#8243;][vc_column_text]<\/p>\n<h3 class=\"h3 item-type-product__title\">Don Camilo 100% Tequila Reposado<\/h3>\n<div class=\"item-type-product__offset\">\n<p>Madurado por, al menos, 2 meses en barricas de bourbon Don Camilo es uno de los tequilas emblem\u00e1ticos de F\u00e1brica de Tequila Finos.<\/p>\n<\/div>\n<div class=\"item-type-product__offset\"><b>Notas de sabor<\/b><br \/>\nColor: Color Paja<br \/>\nAroma: Aromas gentiles a agave cocido y c\u00edtricos<br \/>\nGusto: muy suave, se perciben frutas tropicales y especias ex\u00f3ticas<br \/>\nTerminar: Largo y agradable<\/div>\n<div class=\"item-type-product__offset\"><b>SKU:<\/b>\u00a00,75L<br \/>\n<b>ABV:<\/b>\u00a040%<\/div>\n<p>[\/vc_column_text][vc_column_text el_class=&#8221;sg-popup-id-669 class-diploma&#8221;]<\/p>\n<div class=\"item-type-product__awards-title\">\n<div class=\"item-type-product__awards-title\"><strong class=\"item-type-product__awards-text\">PREMIOS: <\/strong><a class=\"item-type-product__awards-link\">Diploma<\/a><\/div>\n<\/div>\n<p>[\/vc_column_text][\/vc_column_inner][\/vc_row_inner][\/vc_column][\/vc_row][vc_row gap=&#8221;30&#8243; css=&#8221;.vc_custom_1633189801046{padding-bottom: 20px !important;}&#8221; el_class=&#8221;block-product&#8221;][vc_column width=&#8221;1\/2&#8243;][vc_row_inner][vc_column_inner width=&#8221;1\/3&#8243;][vc_single_image image=&#8221;91&#8243; img_size=&#8221;full&#8221;][\/vc_column_inner][vc_column_inner width=&#8221;2\/3&#8243;][vc_column_text]<\/p>\n<h3 class=\"h3 item-type-product__title\">Don Camilo 100% Tequila Anejo<\/h3>\n<div class=\"item-type-product__offset\">\n<p>Madurado por, al menos 12 meses en barricas de bourbon, previamente utilizadas, Don Camilo es uno de los tequilas emblem\u00e1ticos de F\u00e1brica de Tequila Finos.<\/p>\n<\/div>\n<div class=\"item-type-product__offset\"><b>Notas de sabor<\/b><br \/>\nColor: Intensidad media color caf\u00e9<br \/>\nAroma: Aromas gentiles a agave cocido y roble<br \/>\nGusto: Muy suave, chocolate y roble predominantes<br \/>\nTerminar: Muy largo y fuerte<\/div>\n<div class=\"item-type-product__offset\"><b>SKU:<\/b>\u00a00,75L<br \/>\n<b>ABV:<\/b>\u00a040%<\/div>\n<p>[\/vc_column_text][vc_column_text el_class=&#8221;sg-popup-id-670 class-diploma&#8221;]<\/p>\n<div class=\"item-type-product__awards-title\">\n<div class=\"item-type-product__awards-title\">\n<div class=\"item-type-product__awards-title\"><strong class=\"item-type-product__awards-text\">PREMIOS: <\/strong><a class=\"item-type-product__awards-link\">Diploma<\/a><\/div>\n<\/div>\n<\/div>\n<p>[\/vc_column_text][\/vc_column_inner][\/vc_row_inner][\/vc_column][vc_column width=&#8221;1\/2&#8243;][vc_row_inner][vc_column_inner width=&#8221;1\/3&#8243;][vc_single_image image=&#8221;251&#8243; img_size=&#8221;full&#8221;][\/vc_column_inner][vc_column_inner width=&#8221;2\/3&#8243;][vc_column_text]<\/p>\n<h3 class=\"h3 item-type-product__title\">Don Camilo 100% Organic Extra A\u00f1ejo Tequila<\/h3>\n<div class=\"item-type-product__offset\">\n<p>Extra\u00eddo de una existencia limitada de menos de 100 barricas, Don Camilo Extra A\u00f1ejo Org\u00e1nico es un tequila embotellado directamente de la barrica. Es madurado por, al menos 8 a\u00f1os en barricas de roble Bourbon de Kentucky bajo estrictas condiciones controladas de humedad. Don Camilo Extra A\u00f1ejo Org\u00e1nico posee un extraordinario car\u00e1cter. Los mejores agaves y una destilaci\u00f3n en fr\u00edo profunda son utilizados para producir este excepcional tequila dorado \u00e1mbar, que ofrece un sabor intenso y distintivo con una suave permanencia.<\/p>\n<\/div>\n<div class=\"item-type-product__offset\"><b>Notas de sabor<\/b><br \/>\nColor: Color \u00e1mbar oscuro<br \/>\nAroma: Vainilla y roble<br \/>\nGusto: Agradable combinaci\u00f3n de frutas ex\u00f3ticas y chocolate<br \/>\nTerminar: Suave con una permanencia larga<\/div>\n<div class=\"item-type-product__offset\"><b>SKU:<\/b>\u00a00,75L<br \/>\n<b>ABV:<\/b>\u00a054%<\/div>\n<p>[\/vc_column_text][\/vc_column_inner][\/vc_row_inner][\/vc_column][\/vc_row]<\/p>\n","protected":false},"excerpt":{"rendered":"<p>[vc_row][vc_column el_class=&#8221;product-page-text&#8221;][vc_column_text]Tequila especial envejecido durante un m\u00e1ximo de 12 meses en barricas de roble usadas para obtener su sabor especial y un color natural para disfrutarlo.[\/vc_column_text][\/vc_column][\/vc_row][vc_row gap=&#8221;30&#8243; css=&#8221;.vc_custom_1633189795012{padding-bottom: 20px !important;}&#8221; el_class=&#8221;block-product&#8221;][vc_column width=&#8221;1\/2&#8243;][vc_row_inner][vc_column_inner width=&#8221;1\/3&#8243;][vc_single_image image=&#8221;94&#8243; img_size=&#8221;full&#8221;][\/vc_column_inner][vc_column_inner width=&#8221;2\/3&#8243;][vc_column_text] Don Camilo 100% Tequila silver Un tequila de car\u00e1cter extremadamente suave y una agradable permanencia. Don Camilo es uno [&hellip;]<\/p>\n","protected":false},"author":2,"featured_media":451,"parent":390,"menu_order":0,"comment_status":"closed","ping_status":"closed","template":"","meta":{"_acf_changed":false,"inline_featured_image":false,"footnotes":""},"acf":[],"_links":{"self":[{"href":"https:\/\/staging.ambertequila.com\/es\/wp-json\/wp\/v2\/pages\/444"}],"collection":[{"href":"https:\/\/staging.ambertequila.com\/es\/wp-json\/wp\/v2\/pages"}],"about":[{"href":"https:\/\/staging.ambertequila.com\/es\/wp-json\/wp\/v2\/types\/page"}],"author":[{"embeddable":true,"href":"https:\/\/staging.ambertequila.com\/es\/wp-json\/wp\/v2\/users\/2"}],"replies":[{"embeddable":true,"href":"https:\/\/staging.ambertequila.com\/es\/wp-json\/wp\/v2\/comments?post=444"}],"version-history":[{"count":4,"href":"https:\/\/staging.ambertequila.com\/es\/wp-json\/wp\/v2\/pages\/444\/revisions"}],"predecessor-version":[{"id":672,"href":"https:\/\/staging.ambertequila.com\/es\/wp-json\/wp\/v2\/pages\/444\/revisions\/672"}],"up":[{"embeddable":true,"href":"https:\/\/staging.ambertequila.com\/es\/wp-json\/wp\/v2\/pages\/390"}],"wp:featuredmedia":[{"embeddable":true,"href":"https:\/\/staging.ambertequila.com\/es\/wp-json\/wp\/v2\/media\/451"}],"wp:attachment":[{"href":"https:\/\/staging.ambertequila.com\/es\/wp-json\/wp\/v2\/media?parent=444"}],"curies":[{"name":"wp","href":"https:\/\/api.w.org\/{rel}","templated":true}]}}