{"id":450,"date":"2021-10-01T23:21:16","date_gmt":"2021-10-01T23:21:16","guid":{"rendered":"https:\/\/ftfinos.vipreal.site\/?page_id=450"},"modified":"2021-10-05T07:02:21","modified_gmt":"2021-10-05T07:02:21","slug":"zapopan","status":"publish","type":"page","link":"https:\/\/staging.ambertequila.com\/es\/marcas\/zapopan\/","title":{"rendered":"Zapopan"},"content":{"rendered":"<p>[vc_row][vc_column el_class=&#8221;product-page-text&#8221;][vc_column_text]Zapopan tiene una gran relaci\u00f3n calidad precio. Tequila de agave 100% de los hermosos campos de Jalisco, M\u00e9xico. La triple filtraci\u00f3n proporciona a su esp\u00edritu joven un sabor muy limpio, fresco y sofisticado. La intensidad completa en todo el paladar provoca una agradable sensaci\u00f3n en la boca. Perfecto para crear suaves y refrescantes Margaritas tradicionales, Margaritas Cadilla, \u201cstraight ups\u201d o \u201con the rocks\u201d.[\/vc_column_text][\/vc_column][\/vc_row][vc_row gap=&#8221;30&#8243; css=&#8221;.vc_custom_1633190313200{padding-bottom: 20px !important;}&#8221; el_class=&#8221;block-product&#8221;][vc_column width=&#8221;1\/2&#8243;][vc_row_inner][vc_column_inner width=&#8221;1\/3&#8243;][vc_single_image image=&#8221;151&#8243; img_size=&#8221;full&#8221;][\/vc_column_inner][vc_column_inner width=&#8221;2\/3&#8243;][vc_column_text]<\/p>\n<h3 class=\"h3 item-type-product__title\">Zapopan Silver<\/h3>\n<div class=\"item-type-product__offset\">\n<p>Tequila de agave blanco 100% con el verdadero aroma y sabor del agave azul. Sus dulces aromas de agave, frutas y c\u00edtricos provienen del coraz\u00f3n de la planta.<\/p>\n<\/div>\n<div class=\"item-type-product__offset\"><b>Notas de sabor<\/b><br \/>\nAroma: Agave, frutas y c\u00edtricos<br \/>\nGusto: Limpio, fresco<br \/>\nTerminar: Suave, longitud media<\/div>\n<div class=\"item-type-product__offset\"><b>SKU:<\/b>\u00a00,75L 1L 1,75L<br \/>\n<b>ABV:<\/b>\u00a040%<\/div>\n<p>[\/vc_column_text][\/vc_column_inner][\/vc_row_inner][\/vc_column][vc_column width=&#8221;1\/2&#8243;][vc_row_inner][vc_column_inner width=&#8221;1\/3&#8243;][vc_single_image image=&#8221;152&#8243; img_size=&#8221;full&#8221;][\/vc_column_inner][vc_column_inner width=&#8221;2\/3&#8243;][vc_column_text]<\/p>\n<h3 class=\"h3 item-type-product__title\">Zapopan Reposado<\/h3>\n<div class=\"item-type-product__offset\">\n<p>Excelente Tequila Reposado, perfecto para margaritas, con un sabor exquisito, perfecto para consumir solo o en combinados.<\/p>\n<\/div>\n<div class=\"item-type-product__offset\"><b>Notas de sabor<\/b><br \/>\nColor: Color paja claro<br \/>\nAroma: Ligeramente a roble, fruta madura, agave cocinado<br \/>\nGusto: Caramelo, agave cocinado<br \/>\nTerminar: Sedoso, c\u00e1lido, largo medio<\/div>\n<div class=\"item-type-product__offset\"><b>SKU:<\/b>\u00a00,75L 1L 1,75L<br \/>\n<b>ABV:<\/b>\u00a040%<\/div>\n<p>[\/vc_column_text][vc_column_text el_class=&#8221;sg-popup-id-666 class-diploma&#8221;]<\/p>\n<div class=\"item-type-product__awards-title\">\n<div class=\"item-type-product__awards-title\"><strong class=\"item-type-product__awards-text\">PREMIOS: <\/strong><a class=\"item-type-product__awards-link\">Diploma<\/a><\/div>\n<\/div>\n<p>[\/vc_column_text][\/vc_column_inner][\/vc_row_inner][\/vc_column][\/vc_row]<\/p>\n","protected":false},"excerpt":{"rendered":"<p>[vc_row][vc_column el_class=&#8221;product-page-text&#8221;][vc_column_text]Zapopan tiene una gran relaci\u00f3n calidad precio. Tequila de agave 100% de los hermosos campos de Jalisco, M\u00e9xico. La triple filtraci\u00f3n proporciona a su esp\u00edritu joven un sabor muy limpio, fresco y sofisticado. La intensidad completa en todo el paladar provoca una agradable sensaci\u00f3n en la boca. Perfecto para crear suaves y refrescantes Margaritas [&hellip;]<\/p>\n","protected":false},"author":2,"featured_media":451,"parent":390,"menu_order":0,"comment_status":"closed","ping_status":"closed","template":"","meta":{"_acf_changed":false,"inline_featured_image":false,"footnotes":""},"acf":[],"_links":{"self":[{"href":"https:\/\/staging.ambertequila.com\/es\/wp-json\/wp\/v2\/pages\/450"}],"collection":[{"href":"https:\/\/staging.ambertequila.com\/es\/wp-json\/wp\/v2\/pages"}],"about":[{"href":"https:\/\/staging.ambertequila.com\/es\/wp-json\/wp\/v2\/types\/page"}],"author":[{"embeddable":true,"href":"https:\/\/staging.ambertequila.com\/es\/wp-json\/wp\/v2\/users\/2"}],"replies":[{"embeddable":true,"href":"https:\/\/staging.ambertequila.com\/es\/wp-json\/wp\/v2\/comments?post=450"}],"version-history":[{"count":5,"href":"https:\/\/staging.ambertequila.com\/es\/wp-json\/wp\/v2\/pages\/450\/revisions"}],"predecessor-version":[{"id":668,"href":"https:\/\/staging.ambertequila.com\/es\/wp-json\/wp\/v2\/pages\/450\/revisions\/668"}],"up":[{"embeddable":true,"href":"https:\/\/staging.ambertequila.com\/es\/wp-json\/wp\/v2\/pages\/390"}],"wp:featuredmedia":[{"embeddable":true,"href":"https:\/\/staging.ambertequila.com\/es\/wp-json\/wp\/v2\/media\/451"}],"wp:attachment":[{"href":"https:\/\/staging.ambertequila.com\/es\/wp-json\/wp\/v2\/media?parent=450"}],"curies":[{"name":"wp","href":"https:\/\/api.w.org\/{rel}","templated":true}]}}